{"id":6569,"date":"2015-05-29T12:05:06","date_gmt":"2015-05-29T10:05:06","guid":{"rendered":"http:\/\/www.beltor.eu\/en\/?page_id=6569"},"modified":"2016-05-11T15:38:55","modified_gmt":"2016-05-11T13:38:55","slug":"shaker-dopoki-walczysz-jestes-zwyciezca","status":"publish","type":"page","link":"https:\/\/www.beltor.eu\/en\/product-catalog-beltor\/accessories\/shaker-dopoki-walczysz-jestes-zwyciezca\/","title":{"rendered":"Shaker Dop\u00f3ki walczysz jeste\u015b zwyci\u0119zc\u0105"},"content":{"rendered":"<\/div>\n<div class=\"produkt-kontener\"><div class=\"full-width\" style=\"color: #333333;background: #c5c5c3;\">\n<div class=\"one_half rnr-column\">\n<div class=\"prod-slider\">[portfolio_slideshow id=6569]<\/div>\n<\/div>\n<div class=\"space\" style=\"height: 50px;\"><\/div>\n<div class=\"one_half rnr-column last\"><div data-effect=\"\" class=\"rnr-animate animated\">  \n<h2>Shaker | Dop\u00f3ki walczysz jeste\u015b zwyci\u0119zc\u0105<\/h2>\n<\/div>\n<div class=\"bredcrumbs\"><a rel=\"nofollow\" href=\"\/en\/\">BELTOR<\/a> &raquo; <a rel=\"nofollow\" href=\"\/en\/product-catalog-beltor\/accessories\/\">ACCESSORIES<\/a> &raquo; <strong>SHAKER DOP\u00d3KI WALCZYSZ JESTE\u015a ZWYCI\u0118ZC\u0104<\/strong><\/div>\n<div data-effect=\"fadeInUp\" class=\"tabset rnr-animate animated\"><ul class=\"tabs styled-list\"><li class=\"tab\"><a href=\"#panel5702466411\">ADVANTAGES<\/a><\/li>\n<li class=\"tab\"><a href=\"#panel5702466412\">DESCRIPTION<\/a><\/li><\/ul><div class=\"panel\" id=\"panel5702466411\"><p>\n<h4>Shaker advantages<\/h4>\n<p><span class=\"awesome2 fa fa-stop awesome-zalety\"><\/span> large mouthpiece with a plug<br \/>\n<span class=\"awesome2 fa fa-stop awesome-zalety\"><\/span> efficient, cone-shaped crusher<br \/>\n<span class=\"awesome2 fa fa-stop awesome-zalety\"><\/span> honeycomb mesh<br \/>\n<span class=\"awesome2 fa fa-stop awesome-zalety\"><\/span> liquid level indicator (ml)<br \/>\n<span class=\"awesome2 fa fa-stop awesome-zalety\"><\/span> ergonomic shape<br \/>\n<span class=\"awesome2 fa fa-stop awesome-zalety\"><\/span> unique design<br \/>\n<\/p><\/div>\n<div class=\"panel\" id=\"panel5702466412\"><p>\n<h4>Product information<\/h4>\n<p>Solid and tight shaker by Beltor. The cone-shaped crusher reduces foaming while the honeycomb mesh guarantees improved mixing when compared to standard solutions. Beltor shaker is made only from safe plastic.<br \/>\n<\/p><\/div><\/div>\n<div style=\"max-width: 100%;\">\n<div id=\"tabele-rozmiar-kolor\">\n<table id=\"produkt\">\n<tbody>\n<tr>\n<td id=\"produkt-index\" colspan=\"5\"><strong>AVAILABLE COLOURS<\/strong><\/td>\n<\/tr>\n<tr>\n<td id=\"produkt-kolor-yellow\"><\/td>\n<td id=\"produkt-nokolor\"><\/td>\n<td id=\"produkt-nocolor\"><\/td>\n<td id=\"produkt-nokolor\"><\/td>\n<td id=\"produkt-nokolor\"><\/td>\n<\/tr>\n<\/tbody>\n<\/table>\n<\/div>\n<\/div>\n<p><!-- <a href=\"http:\/\/www.sklep.platinumfitness.pl\/pl\/p\/Shaker-700ml-Dopoki-walczysz-jestes-zwyciezca-Beltor\/380\" title=\"Shaker Dop\u00f3ki Walczysz Jeste\u015b Zwyci\u0119zc\u0105 Beltor - SKLEP\" target=\"_blank\">\n\n<div class=\"przycisk\">\n\n<div class=\"esklep-wyrownanie\"><span class=\"esklep2\">Przejd\u017a do <\/span><span class=\"esklep\">e-sklepu<\/span><\/div>\n\n<\/div>\n\n<\/a> --><\/p>\n<\/div><div class=\"clear\"><\/div>\n<\/div><\/div>\n<p><!-- piktogramy --><\/p>\n<p><!-- Kontakt--><\/p>\n<div id=\"produkt-naglowek\">\n<div data-effect=\"\" class=\"rnr-animate animated\">  \n<h2>WHY <span class=\"highlight\">BELTOR?<\/span><\/h2>\n<p><\/div>\n<\/p><\/div>\n<div id=\"produkt-zajawka-beltor\">Due to high production standards and cooperation with famous sportsmen, we were able to create products of the highest quality. If you want to regret nothing, choose us.<div class=\"aligncenter\">\n<h3>Ready to Fight?<\/h3>\n<\/div><\/div>\n","protected":false},"excerpt":{"rendered":"<p>Due to high production standards and cooperation with famous sportsmen, we were able to create products of the highest quality. If you want to regret nothing, choose us.<\/p>\n","protected":false},"author":1,"featured_media":6547,"parent":296,"menu_order":0,"comment_status":"closed","ping_status":"open","template":"","meta":{"footnotes":"","_links_to":"","_links_to_target":""},"class_list":["post-6569","page","type-page","status-publish","has-post-thumbnail","hentry"],"_links":{"self":[{"href":"https:\/\/www.beltor.eu\/en\/wp-json\/wp\/v2\/pages\/6569"}],"collection":[{"href":"https:\/\/www.beltor.eu\/en\/wp-json\/wp\/v2\/pages"}],"about":[{"href":"https:\/\/www.beltor.eu\/en\/wp-json\/wp\/v2\/types\/page"}],"author":[{"embeddable":true,"href":"https:\/\/www.beltor.eu\/en\/wp-json\/wp\/v2\/users\/1"}],"replies":[{"embeddable":true,"href":"https:\/\/www.beltor.eu\/en\/wp-json\/wp\/v2\/comments?post=6569"}],"version-history":[{"count":1,"href":"https:\/\/www.beltor.eu\/en\/wp-json\/wp\/v2\/pages\/6569\/revisions"}],"predecessor-version":[{"id":10581,"href":"https:\/\/www.beltor.eu\/en\/wp-json\/wp\/v2\/pages\/6569\/revisions\/10581"}],"up":[{"embeddable":true,"href":"https:\/\/www.beltor.eu\/en\/wp-json\/wp\/v2\/pages\/296"}],"wp:featuredmedia":[{"embeddable":true,"href":"https:\/\/www.beltor.eu\/en\/wp-json\/wp\/v2\/media\/6547"}],"wp:attachment":[{"href":"https:\/\/www.beltor.eu\/en\/wp-json\/wp\/v2\/media?parent=6569"}],"curies":[{"name":"wp","href":"https:\/\/api.w.org\/{rel}","templated":true}]}}