{"id":1037,"date":"2014-04-01T12:04:55","date_gmt":"2014-04-01T10:04:55","guid":{"rendered":"http:\/\/www.beltor.eu\/en\/?page_id=1037"},"modified":"2016-05-11T15:56:10","modified_gmt":"2016-05-11T13:56:10","slug":"top-pro-head-guard","status":"publish","type":"page","link":"https:\/\/www.beltor.eu\/en\/product-catalog-beltor\/accessories\/top-pro-head-guard\/","title":{"rendered":"Top Pro Head guard"},"content":{"rendered":"<\/div>\n<div class=\"produkt-kontener\"><div class=\"full-width\" style=\"color: #333333;background: #c5c5c3;\">\n<div class=\"one_half rnr-column\">\n<div class=\"prod-slider\">[portfolio_slideshow id=1037]<\/div>\n<\/div>\n<div class=\"space\" style=\"height: 50px;\"><\/div>\n<div class=\"one_half rnr-column last\"><div data-effect=\"\" class=\"rnr-animate animated\">  \n<h2>Top Pro | Head guard<\/h2>\n<\/div>\n<div class=\"bredcrumbs\"><a rel=\"nofollow\" href=\"\/en\/\">BELTOR<\/a> &raquo; <a rel=\"nofollow\" href=\"\/en\/product-catalog-beltor\/accessories\/\">ACCESSORIES<\/a> &raquo; <strong>TOP PRO HEAD GUARD<\/strong><\/div>\n<div data-effect=\"fadeInUp\" class=\"tabset rnr-animate animated\"><ul class=\"tabs styled-list\"><li class=\"tab\"><a href=\"#panel15031889701\">ADVANTAGES<\/a><\/li>\n<li class=\"tab\"><a href=\"#panel15031889702\">DESCRIPTION<\/a><\/li><\/ul><div class=\"panel\" id=\"panel15031889701\"><p>\n<h4>Advantages of Top Pro protective helmet<\/h4>\n<p><span class=\"awesome2 fa fa-stop awesome-zalety\"><\/span> handmade, care about every detail<br \/>\n<span class=\"awesome2 fa fa-stop awesome-zalety\"><\/span> use of genuine leather, offering longer life of the product<br \/>\n<span class=\"awesome2 fa fa-stop awesome-zalety\"><\/span> two guard layers for improved shock absorption<br \/>\n<span class=\"awesome2 fa fa-stop awesome-zalety\"><\/span> heat release system for user&#8217;s comfort and hygiene<br \/>\n<span class=\"awesome2 fa fa-stop awesome-zalety\"><\/span> reinforced velcro preventing accidental undoing<br \/>\n<span class=\"awesome2 fa fa-stop awesome-zalety\"><\/span> additional ear protection<br \/>\n<span class=\"awesome2 fa fa-stop awesome-zalety\"><\/span> full visibility<br \/>\n<\/p><\/div>\n<div class=\"panel\" id=\"panel15031889702\"><p>\n<h4>Product information<\/h4>\n<p>Top Pro helmet by Beltor is an invaluable tool for every fighter, a perfect support for an amateur and professional workout. The guard was handmade from genuine cowhide leather which translates into its durability and life. Thanks to the Double Layer Protection technology, the gear will be safe and comfortable to use. What is more, the helmet has a HeatRelease system which will ensure heat transfer and hygienic use. The Strong Velcro fastening system guarantees the fastener durability and the Ear Protection system ensures full audibility and ear safety. An additional helmet advantage is an unrestricted visibility of the user thanks to the Full Visibility System. The multitude of technologies and their smart combination offers the highest class product, meeting the requirements of even the most demanding users.<\/p><\/div><\/div>\n<div class=\"technologie-film\">| <a href=\"#produkt-piktogramy-baza\">Meet Technologies<\/a> | <a href=\"#tabela-rozmiarow\">Size Chart<\/a> |<\/div>\n<div style=\"max-width: 100%;\">\n<div id=\"tabele-rozmiar-kolor\">\n<table id=\"produkt\">\n<tbody>\n<tr>\n<td id=\"produkt-index\" colspan=\"5\"><strong>AVAILABLE SIZES<\/strong><\/td>\n<\/tr>\n<tr>\n<td id=\"produkt\" class=\"waga\">M<\/td>\n<td id=\"produkt\" class=\"waga\">L<\/td>\n<td id=\"produkt\" class=\"waga\">XL<\/td>\n<td><\/td>\n<td><\/td>\n<\/tr>\n<\/tbody>\n<\/table>\n<\/div>\n<div id=\"tabele-rozmiar-kolor\">\n<table id=\"produkt\">\n<tbody>\n<tr>\n<td id=\"produkt-index\" colspan=\"5\"><strong>AVAILABLE COLOURS<\/strong><\/td>\n<\/tr>\n<tr>\n<td id=\"produkt-kolor-czarnobialy\"><\/td>\n<td id=\"produkt-nokolor\"><\/td>\n<td id=\"produkt-nokolor\"><\/td>\n<td id=\"produkt-nokolor\"><\/td>\n<td id=\"produkt-nokolor\"><\/td>\n<\/tr>\n<\/tbody>\n<\/table>\n<\/div>\n<\/div>\n<p><!-- <a href=\"http:\/\/www.sklep.platinumfitness.pl\/pl\/p\/Kask-sparingowy-ochraniacz-glowy-Top-Pro-Beltor\/123\" title=\"Ochraniacz g\u0142owy TOP Beltor - SKLEP\" target=\"_blank\">\n\n<div class=\"przycisk\">\n\n<div class=\"esklep-wyrownanie\"><span class=\"esklep2\">Przejd\u017a do <\/span><span class=\"esklep\">e-sklepu<\/span><\/div>\n\n<\/div>\n\n<\/a> --><br \/>\n<\/div><div class=\"clear\"><\/div>\n<\/div><\/div>\n<p><!-- piktogramy --><\/p>\n<div id=\"produkt-piktogramy-baza\">\n<div id=\"produkt-naglowek\">\n<div class=\"space\" style=\"height: 30px;\"><\/div>\n<div data-effect=\"\" class=\"rnr-animate animated\">  \n<h2>KNOW <span class=\"highlight\">THE TECHNOLOGY<\/span><\/h2>\n<p><\/div>\n<\/p><\/div>\n<div id=\"produkt-zajawka\">Using innovative production technologies, we have made products, with the quality, comfort and safety second to none.<\/div>\n<div id=\"produkt-piktogramy\">\n<div class=\"produkt-piktogramy-szerokosc\"><a class=\"podpowiedz\" href=\"\/en\/beltor-technologies#tested-protector\"><img decoding=\"async\" id=\"produkt-piktogramy\" src=\"\/en\/wp-content\/uploads\/2014\/07\/tested-protector.png\" data-original=\"\/en\/wp-content\/uploads\/2014\/07\/tested-protector.png\" alt=\"tested-protector\" \/><noscript><img decoding=\"async\" id=\"produkt-piktogramy\" src=\"\/en\/wp-content\/uploads\/2014\/07\/tested-protector.png\" alt=\"tested-protector\" \/><\/noscript><\/a><\/div>\n<div class=\"produkt-piktogramy-szerokosc\"><a class=\"podpowiedz\" href=\"\/en\/beltor-technologies#strong-velcro\"><img decoding=\"async\" id=\"produkt-piktogramy\" src=\"\/en\/wp-content\/uploads\/2014\/07\/strong-velcro.png\" data-original=\"\/en\/wp-content\/uploads\/2014\/07\/strong-velcro.png\" alt=\"silny i wytrzyma\u0142y rzep\" ><noscript><img decoding=\"async\" id=\"produkt-piktogramy\" src=\"\/en\/wp-content\/uploads\/2014\/07\/strong-velcro.png\" alt=\"silny i wytrzyma\u0142y rzep\" ><\/noscript><\/a><\/div>\n<div class=\"produkt-piktogramy-szerokosc\"><a class=\"podpowiedz\" href=\"\/en\/beltor-technologies#genuine-cowhide-leather\"><img decoding=\"async\" id=\"produkt-piktogramy\" src=\"\/en\/wp-content\/uploads\/2014\/07\/genuine-cowhide-leather.png\" data-original=\"\/en\/wp-content\/uploads\/2014\/07\/genuine-cowhide-leather.png\" alt=\"naturalna sk\u00f3ra bydl\u0119ca\" \/><noscript><img decoding=\"async\" id=\"produkt-piktogramy\" src=\"\/en\/wp-content\/uploads\/2014\/07\/genuine-cowhide-leather.png\" alt=\"naturalna sk\u00f3ra bydl\u0119ca\" \/><\/noscript><\/a><\/div>\n<div class=\"produkt-piktogramy-szerokosc\"><a class=\"podpowiedz\" href=\"\/en\/beltor-technologies#hand-made\"><img decoding=\"async\" id=\"produkt-piktogramy\" src=\"\/en\/wp-content\/uploads\/2014\/07\/hand-made.png\" data-original=\"\/en\/wp-content\/uploads\/2014\/07\/hand-made.png\" alt=\"wykonane r\u0119cznie\" \/><noscript><img decoding=\"async\" id=\"produkt-piktogramy\" src=\"\/en\/wp-content\/uploads\/2014\/07\/hand-made.png\" alt=\"wykonane r\u0119cznie\" \/><\/noscript><\/a><\/div>\n<div class=\"produkt-piktogramy-szerokosc\"><a class=\"podpowiedz\" href=\"\/en\/beltor-technologies#ear-protection\"><img decoding=\"async\" id=\"produkt-piktogramy\" src=\"\/en\/wp-content\/uploads\/2015\/07\/ear-protection.png\" data-original=\"\/en\/wp-content\/uploads\/2015\/07\/ear-protection.png\" alt=\"ochrona uszu\" \/><noscript><img decoding=\"async\" id=\"produkt-piktogramy\" src=\"\/en\/wp-content\/uploads\/2015\/07\/ear-protection.png\" alt=\"ochrona uszu\" \/><\/noscript><\/a><\/div>\n<div class=\"produkt-piktogramy-szerokosc\"><a class=\"podpowiedz\" href=\"\/en\/beltor-technologies#full-visibility\"><img decoding=\"async\" id=\"produkt-piktogramy\" src=\"\/en\/wp-content\/uploads\/2015\/07\/full-visibility.png\" data-original=\"\/en\/wp-content\/uploads\/2015\/07\/full-visibility.png\" alt=\"pe\u0142na widoczno\u015b\u0107\" \/><noscript><img decoding=\"async\" id=\"produkt-piktogramy\" src=\"\/en\/wp-content\/uploads\/2015\/07\/full-visibility.png\" alt=\"pe\u0142na widoczno\u015b\u0107\" \/><\/noscript><\/a><\/div>\n<\/div>\n<\/div>\n<p><!-- Kontakt--><\/p>\n<div id=\"produkt-naglowek\">\n<div id=\"tabela-rozmiarow\">\n<div class=\"space\" style=\"height: 30px;\"><\/div>\n<div class=\"full-width\" style=\"color: #333333;background: #f6f6f6;\">\n<div data-effect=\"\" class=\"rnr-animate animated\">  \n<h2>SIZE <span class=\"highlight\">CHART<\/span><\/h2>\n<\/div>\n<div class=\"aligncenter\"><img decoding=\"async\" src=\"\/en\/wp-content\/uploads\/2015\/11\/Beltor_Head_protector_sizechart.jpg\" data-original=\"\/en\/wp-content\/uploads\/2015\/11\/Beltor_Head_protector_sizechart.jpg\" alt=\"Tabela kask top pro\" \/><noscript><img decoding=\"async\" src=\"\/en\/wp-content\/uploads\/2015\/11\/Beltor_Head_protector_sizechart.jpg\" alt=\"Tabela kask top pro\" \/><\/noscript><\/div>\n<\/div>\n<\/div>\n<\/div>\n<div id=\"produkt-naglowek-last\">\n<div data-effect=\"\" class=\"rnr-animate animated\">  \n<h2>WHY <span class=\"highlight\">BELTOR?<\/span><\/h2>\n<p><\/div>\n<\/p><\/div>\n<div id=\"produkt-zajawka-beltor\">Due to high production standards and cooperation with famous sportsmen, we were able to create products of the highest quality. If you want to regret nothing, choose us.<div class=\"aligncenter\">\n<h3>Ready to Fight?<\/h3>\n<\/div><\/div>\n","protected":false},"excerpt":{"rendered":"<p>Using innovative production technologies, we have made products, with the quality, comfort and safety second to none. Due to high production standards and cooperation with famous sportsmen, we were able to create products of the highest quality. If you want to regret nothing, choose us.<\/p>\n","protected":false},"author":1,"featured_media":2666,"parent":296,"menu_order":15,"comment_status":"closed","ping_status":"closed","template":"","meta":{"footnotes":"","_links_to":"","_links_to_target":""},"class_list":["post-1037","page","type-page","status-publish","has-post-thumbnail","hentry"],"_links":{"self":[{"href":"https:\/\/www.beltor.eu\/en\/wp-json\/wp\/v2\/pages\/1037"}],"collection":[{"href":"https:\/\/www.beltor.eu\/en\/wp-json\/wp\/v2\/pages"}],"about":[{"href":"https:\/\/www.beltor.eu\/en\/wp-json\/wp\/v2\/types\/page"}],"author":[{"embeddable":true,"href":"https:\/\/www.beltor.eu\/en\/wp-json\/wp\/v2\/users\/1"}],"replies":[{"embeddable":true,"href":"https:\/\/www.beltor.eu\/en\/wp-json\/wp\/v2\/comments?post=1037"}],"version-history":[{"count":1,"href":"https:\/\/www.beltor.eu\/en\/wp-json\/wp\/v2\/pages\/1037\/revisions"}],"predecessor-version":[{"id":10615,"href":"https:\/\/www.beltor.eu\/en\/wp-json\/wp\/v2\/pages\/1037\/revisions\/10615"}],"up":[{"embeddable":true,"href":"https:\/\/www.beltor.eu\/en\/wp-json\/wp\/v2\/pages\/296"}],"wp:featuredmedia":[{"embeddable":true,"href":"https:\/\/www.beltor.eu\/en\/wp-json\/wp\/v2\/media\/2666"}],"wp:attachment":[{"href":"https:\/\/www.beltor.eu\/en\/wp-json\/wp\/v2\/media?parent=1037"}],"curies":[{"name":"wp","href":"https:\/\/api.w.org\/{rel}","templated":true}]}}