{"id":9492,"date":"2015-08-07T11:11:30","date_gmt":"2015-08-07T09:11:30","guid":{"rendered":"http:\/\/www.beltor.eu\/en\/?page_id=9492"},"modified":"2015-11-30T16:06:38","modified_gmt":"2015-11-30T15:06:38","slug":"beltor-team","status":"publish","type":"page","link":"http:\/\/www.beltor.eu\/en\/beltor-team\/","title":{"rendered":"Beltor Team"},"content":{"rendered":"<div class=\"space\" style=\"height: 45px;\"><\/div>\n<div class=\"aligncenter\"><div data-effect=\"\" class=\"rnr-animate animated\">  \n<h2>BELTOR <span class=\"highlight\">TEAM<\/span><\/h2>\n<p><\/div><\/div>\n<p class=\"justuj\">Beltor Team is a group, connecting sportsmen, coaches and supporters, which goal is to promote wide range of sport activities. We engage in many worldwide operations, spreading idea of fair play and motivating. Our mission statement is #READYtoWIN.<\/p>\n<p>[contact-form-7 id=&#8221;9491&#8243; title=&#8221;Do\u0142\u0105cz do nas ju\u017c dzi\u015b!&#8221;]<br \/>\n<div class=\"space\" style=\"height: 20px;\"><\/div>\n<strong>Uwaga<\/strong>: Ze wzgl\u0119du na du\u017c\u0105 ilo\u015b\u0107 aplikacji, zastrzegamy sobie prawo kontaktu z wybranymi osobami.<\/p>\n","protected":false},"excerpt":{"rendered":"<p>Beltor Team is a group, connecting sportsmen, coaches and supporters, which goal is to promote wide range of sport activities. We engage in many worldwide operations, spreading idea of fair play and motivating. Our mission statement is #READYtoWIN. [contact-form-7 id=&#8221;9491&#8243; title=&#8221;Do\u0142\u0105cz do nas ju\u017c dzi\u015b!&#8221;] Uwaga: Ze wzgl\u0119du na du\u017c\u0105 ilo\u015b\u0107 aplikacji, zastrzegamy sobie prawo&hellip;<\/p>\n<p><a href=\"http:\/\/www.beltor.eu\/en\/beltor-team\/\" class=\"read-more-link\">Zobacz wi\u0119cej &rarr;<\/a><\/p>\n","protected":false},"author":1,"featured_media":0,"parent":0,"menu_order":0,"comment_status":"closed","ping_status":"open","template":"","meta":{"footnotes":"","_links_to":"","_links_to_target":""},"class_list":["post-9492","page","type-page","status-publish","hentry"],"_links":{"self":[{"href":"http:\/\/www.beltor.eu\/en\/wp-json\/wp\/v2\/pages\/9492"}],"collection":[{"href":"http:\/\/www.beltor.eu\/en\/wp-json\/wp\/v2\/pages"}],"about":[{"href":"http:\/\/www.beltor.eu\/en\/wp-json\/wp\/v2\/types\/page"}],"author":[{"embeddable":true,"href":"http:\/\/www.beltor.eu\/en\/wp-json\/wp\/v2\/users\/1"}],"replies":[{"embeddable":true,"href":"http:\/\/www.beltor.eu\/en\/wp-json\/wp\/v2\/comments?post=9492"}],"version-history":[{"count":0,"href":"http:\/\/www.beltor.eu\/en\/wp-json\/wp\/v2\/pages\/9492\/revisions"}],"wp:attachment":[{"href":"http:\/\/www.beltor.eu\/en\/wp-json\/wp\/v2\/media?parent=9492"}],"curies":[{"name":"wp","href":"https:\/\/api.w.org\/{rel}","templated":true}]}}