{"id":6923,"date":"2015-06-12T10:58:19","date_gmt":"2015-06-12T08:58:19","guid":{"rendered":"http:\/\/www.beltor.eu\/en\/?page_id=6923"},"modified":"2016-05-11T15:41:22","modified_gmt":"2016-05-11T13:41:22","slug":"silicon-wirst-band-black-dopoki-walczysz-jestes-zwyciezca","status":"publish","type":"page","link":"http:\/\/www.beltor.eu\/en\/product-catalog-beltor\/accessories\/silicon-wirst-band-black-dopoki-walczysz-jestes-zwyciezca\/","title":{"rendered":"Silicon wirst bandBlack Dop\u00f3ki walczysz jeste\u015b zwyci\u0119zc\u0105"},"content":{"rendered":"<\/div>\n<div class=\"produkt-kontener\"><div class=\"full-width\" style=\"color: #333333;background: #c5c5c3;\">\n<div class=\"one_half rnr-column\">\n<div class=\"prod-slider\">[portfolio_slideshow id=6923]<\/div>\n<\/div>\n<div class=\"space\" style=\"height: 50px;\"><\/div>\n<div class=\"one_half rnr-column last\"><div data-effect=\"\" class=\"rnr-animate animated\">  \n<div>\n<h2>Silicon wirstband Black<\/h2>\n<\/div>\n<div class=\"title-double\">\n<h3>Dop\u00f3ki walczysz jeste\u015b zwyci\u0119zc\u0105<\/h3>\n<\/div>\n<\/div>\n<div class=\"bredcrumbs\"><a rel=\"nofollow\" href=\"\/en\/\">BELTOR<\/a> &raquo; <a rel=\"nofollow\" href=\"\/en\/product-catalog-beltor\/accessories\/\">ACCESSORIES<\/a> &raquo; <strong>SILICON WIRST BAND &#8220;DOP\u00d3KI WALCZYSZ JESTE\u015a ZWYCI\u0118ZC\u0104&#8221;<\/strong><\/div>\n<div data-effect=\"fadeInUp\" class=\"tabset rnr-animate animated\"><ul class=\"tabs styled-list\"><li class=\"tab\"><a href=\"#panel6629596061\">ADVANTAGES<\/a><\/li>\n<li class=\"tab\"><a href=\"#panel6629596062\">DESCRIPTION<\/a><\/li><\/ul><div class=\"panel\" id=\"panel6629596061\"><p>\n<h4>Advantages of 17 mm silicon band<\/h4>\n<p><span class=\"awesome2 fa fa-stop awesome-zalety\"><\/span> designer&#8217;s look<br \/>\n<span class=\"awesome2 fa fa-stop awesome-zalety\"><\/span> motivating motto<br \/>\n<span class=\"awesome2 fa fa-stop awesome-zalety\"><\/span> manufacturer&#8217;s logo inside<br \/>\n<span class=\"awesome2 fa fa-stop awesome-zalety\"><\/span> perimeter of 20cm<br \/>\n<span class=\"awesome2 fa fa-stop awesome-zalety\"><\/span> width 17mm<br \/>\n<\/p><\/div>\n<div class=\"panel\" id=\"panel6629596062\"><p>\n<h4>Product information<\/h4>\n<p>The sports band by Beltor, 100% made from hypoallergenic silicone, is a gadget indispensable for anyone wishing to stand out. The sports design of the band motto will motivate you in times of doubt and give outstanding touch to the user.<br \/>\n<\/p><\/div><\/div>\n<div class=\"technologie-film\">| <a href=\"#tabela-rozmiarow\">Size chart<\/a> |<\/div>\n<div style=\"max-width: 100%;\">\n<div id=\"tabele-rozmiar-kolor\">\n<table id=\"produkt\">\n<tbody>\n<tr>\n<td id=\"produkt-index\" colspan=\"5\"><strong>AVAILABLE COLOURS<\/strong><\/td>\n<\/tr>\n<tr>\n<td id=\"produkt-kolor-black\"><\/td>\n<td id=\"produkt-nokolor\"><\/td>\n<td id=\"produkt-nocolor\"><\/td>\n<td id=\"produkt-nokolor\"><\/td>\n<td id=\"produkt-nokolor\"><\/td>\n<\/tr>\n<\/tbody>\n<\/table>\n<\/div>\n<\/div>\n<p><!-- <a href=\"http:\/\/www.sklep.platinumfitness.pl\/pl\/p\/Opaska-silikonowa-Wristband-Dopoki-walczysz-jestes-zwyciezca-Beltor\/318\" title=\"Silicon wirst band Dop\u00f3ki walczysz jeste\u015b zwyci\u0119zc\u0105 - SKLEP\" target=\"_blank\">\n\n<div class=\"przycisk\">\n\n<div class=\"esklep-wyrownanie\"><span class=\"esklep2\">Przejd\u017a do <\/span><span class=\"esklep\">e-sklepu<\/span><\/div>\n\n<\/div>\n\n<\/a> --><br \/>\n<\/div><div class=\"clear\"><\/div>\n<\/div><\/div>\n<p><!-- piktogramy --><\/p>\n<p><!-- Kontakt--><\/p>\n<div id=\"produkt-naglowek\">\n<div data-effect=\"\" class=\"rnr-animate animated\">  \n<h2>WHY <span class=\"highlight\">BELTOR?<\/span><\/h2>\n<p><\/div>\n<\/p><\/div>\n<div id=\"produkt-zajawka-beltor\">Due to high production standards and cooperation with famous sportsmen, we were able to create products of the highest quality. If you want to regret nothing, choose us.<div class=\"aligncenter\">\n<h3>Ready to Fight?<\/h3>\n<\/div><\/div>\n<p><!-- Kontakt--><\/p>\n<div id=\"produkt-naglowek\">\n<div id=\"tabela-rozmiarow\">\n<div class=\"space\" style=\"height: 30px;\"><\/div>\n<div class=\"full-width\" style=\"color: #333333;background: #f6f6f6;\">\n<div data-effect=\"\" class=\"rnr-animate animated\">  \n<h2>SIZE <span class=\"highlight\">CHART<\/span><\/h2>\n<\/div>\n<div class=\"aligncenter\"><img decoding=\"async\" src=\"\/en\/wp-content\/uploads\/2015\/11\/Beltor_silicone_wristband_17mm_sizechart.jpg\" data-original=\"\/en\/wp-content\/uploads\/2015\/11\/Beltor_silicone_wristband_17mm_sizechart.jpg\" alt=\"Size chartSilicon wirst band Beltor\" \/><noscript><img decoding=\"async\" src=\"\/en\/wp-content\/uploads\/2015\/11\/Beltor_silicone_wristband_17mm_sizechart.jpg\" alt=\"Size chartSilicon wirst band Beltor\" \/><\/noscript><\/div>\n<\/div>\n<\/div>\n<\/div>\n","protected":false},"excerpt":{"rendered":"<p>Due to high production standards and cooperation with famous sportsmen, we were able to create products of the highest quality. If you want to regret nothing, choose us.<\/p>\n","protected":false},"author":1,"featured_media":6865,"parent":296,"menu_order":0,"comment_status":"closed","ping_status":"open","template":"","meta":{"footnotes":"","_links_to":"","_links_to_target":""},"class_list":["post-6923","page","type-page","status-publish","has-post-thumbnail","hentry"],"_links":{"self":[{"href":"http:\/\/www.beltor.eu\/en\/wp-json\/wp\/v2\/pages\/6923"}],"collection":[{"href":"http:\/\/www.beltor.eu\/en\/wp-json\/wp\/v2\/pages"}],"about":[{"href":"http:\/\/www.beltor.eu\/en\/wp-json\/wp\/v2\/types\/page"}],"author":[{"embeddable":true,"href":"http:\/\/www.beltor.eu\/en\/wp-json\/wp\/v2\/users\/1"}],"replies":[{"embeddable":true,"href":"http:\/\/www.beltor.eu\/en\/wp-json\/wp\/v2\/comments?post=6923"}],"version-history":[{"count":1,"href":"http:\/\/www.beltor.eu\/en\/wp-json\/wp\/v2\/pages\/6923\/revisions"}],"predecessor-version":[{"id":10585,"href":"http:\/\/www.beltor.eu\/en\/wp-json\/wp\/v2\/pages\/6923\/revisions\/10585"}],"up":[{"embeddable":true,"href":"http:\/\/www.beltor.eu\/en\/wp-json\/wp\/v2\/pages\/296"}],"wp:featuredmedia":[{"embeddable":true,"href":"http:\/\/www.beltor.eu\/en\/wp-json\/wp\/v2\/media\/6865"}],"wp:attachment":[{"href":"http:\/\/www.beltor.eu\/en\/wp-json\/wp\/v2\/media?parent=6923"}],"curies":[{"name":"wp","href":"https:\/\/api.w.org\/{rel}","templated":true}]}}