{"id":1063,"date":"2014-04-01T13:18:54","date_gmt":"2014-04-01T11:18:54","guid":{"rendered":"http:\/\/www.beltor.eu\/en\/?page_id=1063"},"modified":"2016-05-11T15:59:29","modified_gmt":"2016-05-11T13:59:29","slug":"classic-groin-guard","status":"publish","type":"page","link":"http:\/\/www.beltor.eu\/en\/product-catalog-beltor\/accessories\/classic-groin-guard\/","title":{"rendered":"Classic Groin guard"},"content":{"rendered":"<\/div>\n<div class=\"produkt-kontener\"><div class=\"full-width\" style=\"color: #333333;background: #c5c5c3;\">\n<div class=\"one_half rnr-column\">\n<div class=\"prod-slider\">[portfolio_slideshow id=1063]<\/div>\n<\/div>\n<div class=\"space\" style=\"height: 50px;\"><\/div>\n<div class=\"one_half rnr-column last\"><div data-effect=\"\" class=\"rnr-animate animated\">  \n<h2>Classic | Groin guard<\/h2>\n<\/div>\n<div class=\"bredcrumbs\"><a rel=\"nofollow\" href=\"\/en\/\">BELTOR<\/a> &raquo; <a rel=\"nofollow\" href=\"\/en\/product-catalog-beltor\/accessories\/\">ACCESSORIES<\/a> &raquo; <strong>CLASSIC GROIN GUARD<\/strong><\/div>\n<div data-effect=\"fadeInUp\" class=\"tabset rnr-animate animated\"><ul class=\"tabs styled-list\"><li class=\"tab\"><a href=\"#panel17718582991\">ADVANTAGES<\/a><\/li>\n<li class=\"tab\"><a href=\"#panel17718582992\">DESCRIPTION<\/a><\/li><\/ul><div class=\"panel\" id=\"panel17718582991\"><p>\n<h4>Advantages of   &#8220;Classic&#8221; Groin guard<\/h4>\n<p><span class=\"awesome2 fa fa-stop awesome-zalety\"><\/span> breathing elastic textile<br \/>\n<span class=\"awesome2 fa fa-stop awesome-zalety\"><\/span> maximum comfort and protection<br \/>\n<span class=\"awesome2 fa fa-stop awesome-zalety\"><\/span> strong plastic cup<br \/>\n<\/p><\/div>\n<div class=\"panel\" id=\"panel17718582992\"><p>\n<h4>Product information<\/h4>\n<p>The elastic   &#8220;Classic&#8221; Groin guard, most often chosen by sportsmen, is composed of a cotton chamber on an elastic rubber. The ergonomic shape of the attached cup ensures perfect match for the user&#8217;s groin. The most important advantage of the guard is high level of user hygiene thanks to the ability to maintain the product as instructed by the manufacturer. The   &#8220;Classic&#8221; Groin guard is a perfect choice for contact workouts and sparrings.<\/p><\/div><\/div>\n<div class=\"technologie-film\">| <a href=\"#produkt-piktogramy-baza\">Meet Technologies<\/a> | <a href=\"#tabela-rozmiarow\">Size Chart<\/a> |<\/div>\n<div style=\"max-width: 100%;\">\n<div id=\"tabele-rozmiar-kolor\">\n<table id=\"produkt\">\n<tbody>\n<tr>\n<td id=\"produkt-index\" colspan=\"5\"><strong>AVAILABLE SIZES<\/strong><\/td>\n<\/tr>\n<tr>\n<td id=\"produkt\" class=\"waga\">M<\/td>\n<td id=\"produkt\" class=\"waga\">L<\/td>\n<td id=\"produkt\" class=\"waga\">XL<\/td>\n<td><\/td>\n<td><\/td>\n<\/tr>\n<\/tbody>\n<\/table>\n<\/div>\n<div id=\"tabele-rozmiar-kolor\">\n<table id=\"produkt\">\n<tbody>\n<tr>\n<td id=\"produkt-index\" colspan=\"5\"><strong>AVAILABLE COLOURS<\/strong><\/td>\n<\/tr>\n<tr>\n<td id=\"produkt-kolor-black\"><\/td>\n<td id=\"produkt-nokolor\"><\/td>\n<td id=\"produkt-nokolor\"><\/td>\n<td id=\"produkt-nokolor\"><\/td>\n<td id=\"produkt-nokolor\"><\/td>\n<\/tr>\n<\/tbody>\n<\/table>\n<\/div>\n<\/div>\n<p><!-- <a href=\"http:\/\/www.sklep.platinumfitness.pl\/pl\/p\/Ochraniacz-krocza-Classic-z-plastikowa-miseczka-Beltor\/126\" title=\"  \"Classic\" Groin guard z plastikow\u0105 wk\u0142adk\u0105 Beltor - SKLEP\" target=\"_blank\">\n\n<div class=\"przycisk\">\n\n<div class=\"esklep-wyrownanie\"><span class=\"esklep2\">Przejd\u017a do <\/span><span class=\"esklep\">e-sklepu<\/span><\/div>\n\n<\/div>\n\n<\/a> --><br \/>\n<\/div><div class=\"clear\"><\/div>\n<\/div><\/div>\n<p><!-- piktogramy --><\/p>\n<div id=\"produkt-piktogramy-baza\">\n<div id=\"produkt-naglowek\">\n<div class=\"space\" style=\"height: 30px;\"><\/div>\n<div data-effect=\"\" class=\"rnr-animate animated\">  \n<h2>KNOW <span class=\"highlight\">THE TECHNOLOGY<\/span><\/h2>\n<p><\/div>\n<\/p><\/div>\n<div id=\"produkt-zajawka\">Using innovative production technologies, we have made products, with the quality, comfort and safety second to none.<\/div>\n<div id=\"produkt-piktogramy\">\n<div class=\"produkt-piktogramy-szerokosc\"><a class=\"podpowiedz\" href=\"\/en\/beltor-technologies#tested-protector\"><img decoding=\"async\" id=\"produkt-piktogramy\" src=\"\/en\/wp-content\/uploads\/2014\/07\/tested-protector.png\" data-original=\"\/en\/wp-content\/uploads\/2014\/07\/tested-protector.png\" alt=\"pewna komfortowa ochrona\" ><noscript><img decoding=\"async\" id=\"produkt-piktogramy\" src=\"\/en\/wp-content\/uploads\/2014\/07\/tested-protector.png\" alt=\"pewna komfortowa ochrona\" ><\/noscript><\/a><\/div>\n<div class=\"produkt-piktogramy-szerokosc\"><a class=\"podpowiedz\" href=\"\/en\/beltor-technologies#sweat-control\"><img decoding=\"async\" id=\"produkt-piktogramy\" src=\"\/en\/wp-content\/uploads\/2014\/07\/sweat-control.png\" data-original=\"\/en\/wp-content\/uploads\/2014\/07\/sweat-control.png\" alt=\"technologia sweat-control\" ><noscript><img decoding=\"async\" id=\"produkt-piktogramy\" src=\"\/en\/wp-content\/uploads\/2014\/07\/sweat-control.png\" alt=\"technologia sweat-control\" ><\/noscript><\/a><\/div>\n<div class=\"produkt-piktogramy-szerokosc\"><a class=\"podpowiedz\" href=\"\/en\/beltor-technologies#heat-release\"><img decoding=\"async\" id=\"produkt-piktogramy\" src=\"\/en\/wp-content\/uploads\/2014\/07\/heat-release-system.png\" data-original=\"\/en\/wp-content\/uploads\/2014\/07\/heat-release-system.png\" alt=\"tecdhnologia heat-release\" ><noscript><img decoding=\"async\" id=\"produkt-piktogramy\" src=\"\/en\/wp-content\/uploads\/2014\/07\/heat-release-system.png\" alt=\"tecdhnologia heat-release\" ><\/noscript><\/a><\/div>\n<\/div>\n<\/div>\n<p><!-- Kontakt--><\/p>\n<div id=\"produkt-naglowek\">\n<div id=\"tabela-rozmiarow\">\n<div class=\"space\" style=\"height: 30px;\"><\/div>\n<div class=\"full-width\" style=\"color: #333333;background: #f6f6f6;\">\n<div data-effect=\"\" class=\"rnr-animate animated\">  \n<h2>SIZE <span class=\"highlight\">CHART<\/span><\/h2>\n<\/div>\n<div class=\"aligncenter\"><img decoding=\"async\" src=\"\/en\/wp-content\/uploads\/2015\/11\/Beltor_Groin_guards_sizechart.jpg\" data-original=\"\/en\/wp-content\/uploads\/2015\/11\/Beltor_Groin_guards_sizechart.jpg\" alt=\"tabela rozmiar\u00f3w ochraniaczy krocza\" \/><noscript><img decoding=\"async\" src=\"\/en\/wp-content\/uploads\/2015\/11\/Beltor_Groin_guards_sizechart.jpg\" alt=\"tabela rozmiar\u00f3w ochraniaczy krocza\" \/><\/noscript><\/div>\n<\/div>\n<\/div>\n<\/div>\n<div id=\"produkt-naglowek-last\">\n<div data-effect=\"\" class=\"rnr-animate animated\">  \n<h2>WHY <span class=\"highlight\">BELTOR?<\/span><\/h2>\n<p><\/div>\n<\/p><\/div>\n<div id=\"produkt-zajawka-beltor\">Due to high production standards and cooperation with famous sportsmen, we were able to create products of the highest quality. If you want to regret nothing, choose us.<div class=\"aligncenter\">\n<h3>Ready to Fight?<\/h3>\n<\/div><\/div>\n","protected":false},"excerpt":{"rendered":"<p>Using innovative production technologies, we have made products, with the quality, comfort and safety second to none. Due to high production standards and cooperation with famous sportsmen, we were able to create products of the highest quality. If you want to regret nothing, choose us.<\/p>\n","protected":false},"author":1,"featured_media":2663,"parent":296,"menu_order":22,"comment_status":"closed","ping_status":"closed","template":"","meta":{"footnotes":"","_links_to":"","_links_to_target":""},"class_list":["post-1063","page","type-page","status-publish","has-post-thumbnail","hentry"],"_links":{"self":[{"href":"http:\/\/www.beltor.eu\/en\/wp-json\/wp\/v2\/pages\/1063"}],"collection":[{"href":"http:\/\/www.beltor.eu\/en\/wp-json\/wp\/v2\/pages"}],"about":[{"href":"http:\/\/www.beltor.eu\/en\/wp-json\/wp\/v2\/types\/page"}],"author":[{"embeddable":true,"href":"http:\/\/www.beltor.eu\/en\/wp-json\/wp\/v2\/users\/1"}],"replies":[{"embeddable":true,"href":"http:\/\/www.beltor.eu\/en\/wp-json\/wp\/v2\/comments?post=1063"}],"version-history":[{"count":1,"href":"http:\/\/www.beltor.eu\/en\/wp-json\/wp\/v2\/pages\/1063\/revisions"}],"predecessor-version":[{"id":10622,"href":"http:\/\/www.beltor.eu\/en\/wp-json\/wp\/v2\/pages\/1063\/revisions\/10622"}],"up":[{"embeddable":true,"href":"http:\/\/www.beltor.eu\/en\/wp-json\/wp\/v2\/pages\/296"}],"wp:featuredmedia":[{"embeddable":true,"href":"http:\/\/www.beltor.eu\/en\/wp-json\/wp\/v2\/media\/2663"}],"wp:attachment":[{"href":"http:\/\/www.beltor.eu\/en\/wp-json\/wp\/v2\/media?parent=1063"}],"curies":[{"name":"wp","href":"https:\/\/api.w.org\/{rel}","templated":true}]}}